{"id":2499,"date":"2026-01-07T10:48:08","date_gmt":"2026-01-07T10:48:08","guid":{"rendered":"https:\/\/wado.az\/?post_type=product&#038;p=2499"},"modified":"2026-01-07T10:48:08","modified_gmt":"2026-01-07T10:48:08","slug":"oglan-usaq-tortu-1-yas","status":"publish","type":"product","link":"https:\/\/wado.az\/ru\/mehsul\/oglan-usaq-tortu-1-yas\/","title":{"rendered":"O\u011flan u\u015faq tortu ( 1 ya\u015f)"},"content":{"rendered":"","protected":false},"excerpt":{"rendered":"","protected":false},"featured_media":2500,"comment_status":"closed","ping_status":"closed","template":"","meta":[],"product_brand":[],"product_cat":[134],"product_tag":[],"class_list":{"0":"post-2499","1":"product","2":"type-product","3":"status-publish","4":"has-post-thumbnail","6":"product_cat-yeni-korpe","8":"first","9":"instock","10":"shipping-taxable","11":"purchasable","12":"product-type-simple"},"_links":{"self":[{"href":"https:\/\/wado.az\/ru\/wp-json\/wp\/v2\/product\/2499","targetHints":{"allow":["GET"]}}],"collection":[{"href":"https:\/\/wado.az\/ru\/wp-json\/wp\/v2\/product"}],"about":[{"href":"https:\/\/wado.az\/ru\/wp-json\/wp\/v2\/types\/product"}],"replies":[{"embeddable":true,"href":"https:\/\/wado.az\/ru\/wp-json\/wp\/v2\/comments?post=2499"}],"wp:featuredmedia":[{"embeddable":true,"href":"https:\/\/wado.az\/ru\/wp-json\/wp\/v2\/media\/2500"}],"wp:attachment":[{"href":"https:\/\/wado.az\/ru\/wp-json\/wp\/v2\/media?parent=2499"}],"wp:term":[{"taxonomy":"product_brand","embeddable":true,"href":"https:\/\/wado.az\/ru\/wp-json\/wp\/v2\/product_brand?post=2499"},{"taxonomy":"product_cat","embeddable":true,"href":"https:\/\/wado.az\/ru\/wp-json\/wp\/v2\/product_cat?post=2499"},{"taxonomy":"product_tag","embeddable":true,"href":"https:\/\/wado.az\/ru\/wp-json\/wp\/v2\/product_tag?post=2499"}],"curies":[{"name":"wp","href":"https:\/\/api.w.org\/{rel}","templated":true}]}}